{"id":6952,"date":"2025-09-30T16:06:12","date_gmt":"2025-09-30T14:06:12","guid":{"rendered":"https:\/\/www.lapulceconiltarlo.it\/?post_type=product&#038;p=6952"},"modified":"2025-12-11T14:27:48","modified_gmt":"2025-12-11T13:27:48","slug":"set-of-antique-french-enamel-containers","status":"publish","type":"product","link":"https:\/\/www.lapulceconiltarlo.it\/en\/prodotto\/set-of-antique-french-enamel-containers\/","title":{"rendered":"Set of antique French enamel containers"},"content":{"rendered":"<p>Splendid set consisting of six enameled kitchen containers of French origin signed BB Fr\u00e8res.<br \/>\nDecorated with turquoise stripes, with a floral band at the top, they are in scale and labeled Sucre, Caf\u00e9, Farine, Chicor\u00e9e, and Poivre in perfect country style.<br \/>\nDimensions: base diameter from 20 to 14 cm.<\/p>\n","protected":false},"excerpt":{"rendered":"<p>Splendid set consisting of six enameled kitchen containers of French origin signed BB Fr\u00e8res. Decorated with turquoise stripes, with a floral band at the top, they are in scale and labeled Sucre, Caf\u00e9, Farine, Chicor\u00e9e, and Poivre in perfect country style. Dimensions: base diameter from 20 to 14 cm.<\/p>\n","protected":false},"featured_media":6940,"template":"","meta":{"_et_pb_use_builder":"","_et_pb_old_content":"","_et_gb_content_width":""},"product_brand":[],"product_cat":[407],"product_tag":[],"class_list":{"0":"post-6952","1":"product","2":"type-product","3":"status-publish","4":"has-post-thumbnail","6":"product_cat-items-sold","8":"first","9":"instock","10":"shipping-taxable","11":"purchasable","12":"product-type-simple"},"_links":{"self":[{"href":"https:\/\/www.lapulceconiltarlo.it\/en\/wp-json\/wp\/v2\/product\/6952","targetHints":{"allow":["GET"]}}],"collection":[{"href":"https:\/\/www.lapulceconiltarlo.it\/en\/wp-json\/wp\/v2\/product"}],"about":[{"href":"https:\/\/www.lapulceconiltarlo.it\/en\/wp-json\/wp\/v2\/types\/product"}],"wp:featuredmedia":[{"embeddable":true,"href":"https:\/\/www.lapulceconiltarlo.it\/en\/wp-json\/wp\/v2\/media\/6940"}],"wp:attachment":[{"href":"https:\/\/www.lapulceconiltarlo.it\/en\/wp-json\/wp\/v2\/media?parent=6952"}],"wp:term":[{"taxonomy":"product_brand","embeddable":true,"href":"https:\/\/www.lapulceconiltarlo.it\/en\/wp-json\/wp\/v2\/product_brand?post=6952"},{"taxonomy":"product_cat","embeddable":true,"href":"https:\/\/www.lapulceconiltarlo.it\/en\/wp-json\/wp\/v2\/product_cat?post=6952"},{"taxonomy":"product_tag","embeddable":true,"href":"https:\/\/www.lapulceconiltarlo.it\/en\/wp-json\/wp\/v2\/product_tag?post=6952"}],"curies":[{"name":"wp","href":"https:\/\/api.w.org\/{rel}","templated":true}]}}